{"id":94,"date":"2026-03-05T09:25:59","date_gmt":"2026-03-05T09:25:59","guid":{"rendered":"https:\/\/dalouformations.fr\/?page_id=94"},"modified":"2026-03-05T10:47:00","modified_gmt":"2026-03-05T10:47:00","slug":"mentions-legales","status":"publish","type":"page","link":"https:\/\/dalouformations.fr\/index.php\/mentions-legales\/","title":{"rendered":"Mentions l\u00e9gales"},"content":{"rendered":"\t\t<div data-elementor-type=\"wp-page\" data-elementor-id=\"94\" class=\"elementor elementor-94\">\n\t\t\t\t<div class=\"elementor-element elementor-element-25998b9 e-flex e-con-boxed e-con e-parent\" data-id=\"25998b9\" data-element_type=\"container\" data-e-type=\"container\">\n\t\t\t\t\t<div class=\"e-con-inner\">\n\t\t\t\t<div class=\"elementor-element elementor-element-2a76ec7 elementor-widget elementor-widget-heading\" data-id=\"2a76ec7\" data-element_type=\"widget\" data-e-type=\"widget\" data-widget_type=\"heading.default\">\n\t\t\t\t\t<h2 class=\"elementor-heading-title elementor-size-default\">Mentions l\u00e9gales <\/h2>\t\t\t\t<\/div>\n\t\t\t\t<div class=\"elementor-element elementor-element-66533bc elementor-widget elementor-widget-text-editor\" data-id=\"66533bc\" data-element_type=\"widget\" data-e-type=\"widget\" data-widget_type=\"text-editor.default\">\n\t\t\t\t\t\t\t\t\t<p>\u00c9diteur de site\u00a0<\/p><p data-start=\"313\" data-end=\"353\">Le pr\u00e9sent site internet est \u00e9dit\u00e9 par :<\/p><p data-start=\"355\" data-end=\"516\"><strong data-start=\"355\" data-end=\"392\">DALOU FORMATIONS\u00a0<\/strong><br data-start=\"392\" data-end=\"395\" \/>Statut juridique : SASU<br data-start=\"436\" data-end=\"439\" \/>Adresse : 28 rue de Mimont 06400 CANNES\u00a0<br data-start=\"467\" data-end=\"470\" \/>T\u00e9l\u00e9phone : +33 7 71 45 13 41<br data-start=\"490\" data-end=\"493\" \/>Email : contact@dalouformations.fr<\/p><p data-start=\"518\" data-end=\"607\">Num\u00e9ro SIRET : 99911605600014<\/p><p data-start=\"518\" data-end=\"607\">Num\u00e9ro de TVA\u00a0 : FR68999116056<\/p><p data-start=\"609\" data-end=\"659\">Directeur de la publication : PEREZ Fabien<\/p><p data-start=\"609\" data-end=\"659\">H\u00e9bergement du site\u00a0<\/p><p data-start=\"690\" data-end=\"715\">Le site est h\u00e9berg\u00e9 par :<\/p><p data-start=\"717\" data-end=\"815\"><strong data-start=\"717\" data-end=\"741\">OVH<\/strong><br data-start=\"741\" data-end=\"744\" \/>Adresse : OVH, 2 rue Kellermann, 59100 ROUBAIX.\u00a0<a href=\"https:\/\/www.ovhcloud.com\/fr\/\">ovh.com<\/a><\/p><p data-start=\"1020\" data-end=\"1132\">Responsabilit\u00e9\u00a0<\/p><p data-start=\"1020\" data-end=\"1132\">Les informations diffus\u00e9es sur le site sont fournies \u00e0 titre informatif.<br data-start=\"1230\" data-end=\"1233\" \/><strong data-start=\"1233\" data-end=\"1257\">DALOU FORMATIONS<\/strong>\u00a0s\u2019efforce de fournir des informations exactes et mises \u00e0 jour, mais ne saurait \u00eatre tenu responsable d\u2019\u00e9ventuelles erreurs ou omissions.<\/p>\t\t\t\t\t\t\t\t<\/div>\n\t\t\t\t\t<\/div>\n\t\t\t\t<\/div>\n\t\t<div class=\"elementor-element elementor-element-ea35831 e-flex e-con-boxed e-con e-parent\" data-id=\"ea35831\" data-element_type=\"container\" data-e-type=\"container\">\n\t\t\t\t\t<div class=\"e-con-inner\">\n\t\t\t\t<div class=\"elementor-element elementor-element-9d75872 elementor-widget elementor-widget-heading\" data-id=\"9d75872\" data-element_type=\"widget\" data-e-type=\"widget\" data-widget_type=\"heading.default\">\n\t\t\t\t\t<h2 class=\"elementor-heading-title elementor-size-default\">Politique de confidentialit\u00e9<\/h2>\t\t\t\t<\/div>\n\t\t\t\t<div class=\"elementor-element elementor-element-1c3379a elementor-widget elementor-widget-text-editor\" data-id=\"1c3379a\" data-element_type=\"widget\" data-e-type=\"widget\" data-widget_type=\"text-editor.default\">\n\t\t\t\t\t\t\t\t\t<p data-start=\"242\" data-end=\"581\">1.Introduction<\/p>\n<p data-start=\"242\" data-end=\"581\">La pr\u00e9sente politique de confidentialit\u00e9 a pour objectif d\u2019informer les utilisateurs du site sur la mani\u00e8re dont leurs donn\u00e9es personnelles sont collect\u00e9es, utilis\u00e9es et prot\u00e9g\u00e9es par <b>DALOU FORMATIONS<\/b>, conform\u00e9ment au <strong data-start=\"481\" data-end=\"539\">R\u00e8glement G\u00e9n\u00e9ral sur la Protection des Donn\u00e9es (RGPD)<\/strong> et \u00e0 la l\u00e9gislation fran\u00e7aise en vigueur.<\/p>\n<p data-start=\"583\" data-end=\"728\">En utilisant notre site internet, vous acceptez la collecte et l\u2019utilisation de vos donn\u00e9es personnelles dans les conditions d\u00e9crites ci-dessous.<\/p>\n<p data-start=\"583\" data-end=\"728\">2. Responsable du traitement&nbsp;<\/p>\n<p data-start=\"768\" data-end=\"814\">Le responsable du traitement des donn\u00e9es est :<\/p>\n<p><strong data-start=\"816\" data-end=\"853\">DALOU FORMATION<\/strong><br data-start=\"853\" data-end=\"856\">Adresse : 28 rue de Mimont 06400 CANNES<br data-start=\"890\" data-end=\"893\">Email : contact@dalouformations.fr<br data-start=\"927\" data-end=\"930\">T\u00e9l\u00e9phone : +33 7 71 45 13 41<\/p>\n<p>3.Donn\u00e9es personelles collect\u00e9s&nbsp;<\/p>\n<p data-start=\"1009\" data-end=\"1069\">Nous pouvons \u00eatre amen\u00e9s \u00e0 collecter les donn\u00e9es suivantes :<\/p>\n<ul data-start=\"1071\" data-end=\"1242\">\n<li data-start=\"1071\" data-end=\"1088\">\n<p data-start=\"1073\" data-end=\"1088\">Nom et pr\u00e9nom<\/p>\n<\/li>\n<li data-start=\"1089\" data-end=\"1107\">\n<p data-start=\"1091\" data-end=\"1107\">Adresse e-mail<\/p>\n<\/li>\n<li data-start=\"1108\" data-end=\"1131\">\n<p data-start=\"1110\" data-end=\"1131\">Num\u00e9ro de t\u00e9l\u00e9phone<\/p>\n<\/li>\n<li data-start=\"1132\" data-end=\"1155\">\n<p data-start=\"1134\" data-end=\"1155\">Nom de l\u2019entreprise<\/p>\n<\/li>\n<li data-start=\"1156\" data-end=\"1168\">\n<p data-start=\"1158\" data-end=\"1168\">Fonction<\/p>\n<\/li>\n<li data-start=\"1169\" data-end=\"1242\">\n<p data-start=\"1171\" data-end=\"1242\">Informations transmises via les formulaires de contact ou d\u2019inscription<\/p>\n<\/li>\n<\/ul>\n<p data-start=\"1244\" data-end=\"1387\">Certaines donn\u00e9es peuvent \u00e9galement \u00eatre collect\u00e9es automatiquement lors de la navigation sur le site (cookies, statistiques de fr\u00e9quentation).<\/p>\n<p data-start=\"1244\" data-end=\"1387\">4. Finalit\u00e9s de la collecte des donn\u00e9es&nbsp;<\/p>\n<p data-start=\"1438\" data-end=\"1495\">Les donn\u00e9es personnelles collect\u00e9es sont utilis\u00e9es pour :<\/p>\n<ul data-start=\"1497\" data-end=\"1805\">\n<li data-start=\"1497\" data-end=\"1560\">\n<p data-start=\"1499\" data-end=\"1560\">R\u00e9pondre aux demandes effectu\u00e9es via le formulaire de contact<\/p>\n<\/li>\n<li data-start=\"1561\" data-end=\"1606\">\n<p data-start=\"1563\" data-end=\"1606\">Fournir des informations sur nos formations<\/p>\n<\/li>\n<li data-start=\"1607\" data-end=\"1655\">\n<p data-start=\"1609\" data-end=\"1655\">\u00c9tablir des devis ou propositions de formation<\/p>\n<\/li>\n<li data-start=\"1656\" data-end=\"1695\">\n<p data-start=\"1658\" data-end=\"1695\">G\u00e9rer les inscriptions aux formations<\/p>\n<\/li>\n<li data-start=\"1696\" data-end=\"1758\">\n<p data-start=\"1698\" data-end=\"1758\">Assurer le suivi administratif et p\u00e9dagogique des formations<\/p>\n<\/li>\n<li data-start=\"1759\" data-end=\"1805\">\n<p data-start=\"1761\" data-end=\"1805\">Am\u00e9liorer le fonctionnement du site internet<\/p>\n<\/li>\n<\/ul>\n<p data-start=\"1807\" data-end=\"1908\">Les donn\u00e9es collect\u00e9es ne sont utilis\u00e9es que dans le cadre des activit\u00e9s de <b>DALOU FORMATIONS<\/b>.<\/p>\n<p data-start=\"1244\" data-end=\"1387\">5. Dur\u00e9e de conservation des donn\u00e9es&nbsp;<\/p>\n<p data-start=\"2253\" data-end=\"2389\">Les donn\u00e9es personnelles sont conserv\u00e9es uniquement pendant la dur\u00e9e n\u00e9cessaire aux finalit\u00e9s pour lesquelles elles ont \u00e9t\u00e9 collect\u00e9es :<\/p>\n<ul data-start=\"2391\" data-end=\"2579\">\n<li data-start=\"2391\" data-end=\"2456\">\n<p data-start=\"2393\" data-end=\"2456\">Donn\u00e9es de contact : jusqu\u2019\u00e0 <strong data-start=\"2422\" data-end=\"2456\">3 ans apr\u00e8s le dernier \u00e9change<\/strong><\/p>\n<\/li>\n<li data-start=\"2457\" data-end=\"2579\">\n<p data-start=\"2459\" data-end=\"2579\">Donn\u00e9es administratives li\u00e9es aux formations : selon les <strong data-start=\"2516\" data-end=\"2579\">obligations l\u00e9gales applicables aux organismes de formation<\/strong><\/p>\n<\/li>\n<\/ul>\n<p>6. Destinataires des donn\u00e9es&nbsp;<\/p>\n<p data-start=\"2619\" data-end=\"2697\">Les donn\u00e9es personnelles sont destin\u00e9es uniquement \u00e0 DALOU FORMATIONS.<\/p>\n<p data-start=\"2699\" data-end=\"2870\">Elles ne sont <strong data-start=\"2713\" data-end=\"2765\">ni vendues, ni c\u00e9d\u00e9es, ni transmises \u00e0 des tiers<\/strong>, sauf obligation l\u00e9gale ou partenaires intervenant dans l\u2019organisation des formations (ex : formateurs).<\/p>\n<p data-start=\"2699\" data-end=\"2870\">7. S\u00e9curit\u00e9 des donn\u00e9es&nbsp;<\/p>\n<p data-start=\"2699\" data-end=\"2870\"><strong data-start=\"2905\" data-end=\"2929\">DALOU FORMATIONS<\/strong>&nbsp;met en \u0153uvre des mesures techniques et organisationnelles appropri\u00e9es afin de prot\u00e9ger les donn\u00e9es personnelles contre toute perte, acc\u00e8s non autoris\u00e9, divulgation ou alt\u00e9ration.<\/p>\n<p data-start=\"2699\" data-end=\"2870\">8. Vos droits&nbsp;<\/p>\n<p data-start=\"3133\" data-end=\"3190\">Conform\u00e9ment au RGPD, vous disposez des droits suivants :<\/p>\n<ul data-start=\"3192\" data-end=\"3363\">\n<li data-start=\"3192\" data-end=\"3221\">\n<p data-start=\"3194\" data-end=\"3221\">Droit d\u2019acc\u00e8s \u00e0 vos donn\u00e9es<\/p>\n<\/li>\n<li data-start=\"3222\" data-end=\"3246\">\n<p data-start=\"3224\" data-end=\"3246\">Droit de rectification<\/p>\n<\/li>\n<li data-start=\"3247\" data-end=\"3267\">\n<p data-start=\"3249\" data-end=\"3267\">Droit d\u2019effacement<\/p>\n<\/li>\n<li data-start=\"3268\" data-end=\"3305\">\n<p data-start=\"3270\" data-end=\"3305\">Droit \u00e0 la limitation du traitement<\/p>\n<\/li>\n<li data-start=\"3306\" data-end=\"3326\">\n<p data-start=\"3308\" data-end=\"3326\">Droit d\u2019opposition<\/p>\n<\/li>\n<li data-start=\"3327\" data-end=\"3363\">\n<p data-start=\"3329\" data-end=\"3363\">Droit \u00e0 la portabilit\u00e9 des donn\u00e9es<\/p>\n<\/li>\n<\/ul>\n<p data-start=\"3365\" data-end=\"3439\">Pour exercer ces droits, vous pouvez nous contacter \u00e0 l\u2019adresse suivante : contact@dalouformations.fr<\/p>\n<p data-start=\"3365\" data-end=\"3439\">9. Cookies<\/p>\n<p data-start=\"3486\" data-end=\"3613\">Le site peut utiliser des cookies afin d\u2019am\u00e9liorer l\u2019exp\u00e9rience de navigation et de r\u00e9aliser des statistiques de fr\u00e9quentation.<\/p>\n<p data-start=\"3615\" data-end=\"3685\">L\u2019utilisateur peut configurer son navigateur pour refuser les cookies.<\/p>\n<p data-start=\"3615\" data-end=\"3685\">10. Modification de la politique de confidentialit\u00e9<\/p>\n<p data-start=\"3615\" data-end=\"3685\"><b>DALOU FORMATIONS<\/b> se r\u00e9serve le droit de modifier la pr\u00e9sente politique de confidentialit\u00e9 \u00e0 tout moment afin de garantir sa conformit\u00e9 avec la l\u00e9gislation en vigueur.<\/p>\t\t\t\t\t\t\t\t<\/div>\n\t\t\t\t\t<\/div>\n\t\t\t\t<\/div>\n\t\t\t\t<\/div>\n\t\t","protected":false},"excerpt":{"rendered":"<p>Mentions l\u00e9gales \u00c9diteur de site\u00a0 Le pr\u00e9sent site internet est \u00e9dit\u00e9 par : DALOU FORMATIONS\u00a0Statut juridique : SASUAdresse : 28 rue de Mimont 06400 CANNES\u00a0T\u00e9l\u00e9phone : +33 7 71 45 13 41Email : contact@dalouformations.fr Num\u00e9ro SIRET : 99911605600014 Num\u00e9ro de TVA\u00a0 : FR68999116056 Directeur de la publication : PEREZ Fabien H\u00e9bergement du site\u00a0 Le site [&hellip;]<\/p>\n","protected":false},"author":1,"featured_media":0,"parent":0,"menu_order":0,"comment_status":"closed","ping_status":"closed","template":"elementor_header_footer","meta":{"footnotes":""},"class_list":["post-94","page","type-page","status-publish","hentry","entry"],"yoast_head":"<!-- This site is optimized with the Yoast SEO plugin v27.0 - https:\/\/yoast.com\/product\/yoast-seo-wordpress\/ -->\n<title>Mentions l\u00e9gales - WordPress<\/title>\n<meta name=\"robots\" content=\"index, follow, max-snippet:-1, max-image-preview:large, max-video-preview:-1\" \/>\n<link rel=\"canonical\" href=\"https:\/\/dalouformations.fr\/index.php\/mentions-legales\/\" \/>\n<meta property=\"og:locale\" content=\"fr_FR\" \/>\n<meta property=\"og:type\" content=\"article\" \/>\n<meta property=\"og:title\" content=\"Mentions l\u00e9gales - WordPress\" \/>\n<meta property=\"og:description\" content=\"Mentions l\u00e9gales \u00c9diteur de site\u00a0 Le pr\u00e9sent site internet est \u00e9dit\u00e9 par : DALOU FORMATIONS\u00a0Statut juridique : SASUAdresse : 28 rue de Mimont 06400 CANNES\u00a0T\u00e9l\u00e9phone : +33 7 71 45 13 41Email : contact@dalouformations.fr Num\u00e9ro SIRET : 99911605600014 Num\u00e9ro de TVA\u00a0 : FR68999116056 Directeur de la publication : PEREZ Fabien H\u00e9bergement du site\u00a0 Le site [&hellip;]\" \/>\n<meta property=\"og:url\" content=\"https:\/\/dalouformations.fr\/index.php\/mentions-legales\/\" \/>\n<meta property=\"og:site_name\" content=\"WordPress\" \/>\n<meta property=\"article:modified_time\" content=\"2026-03-05T10:47:00+00:00\" \/>\n<meta name=\"twitter:card\" content=\"summary_large_image\" \/>\n<meta name=\"twitter:label1\" content=\"Dur\u00e9e de lecture estim\u00e9e\" \/>\n\t<meta name=\"twitter:data1\" content=\"3 minutes\" \/>\n<script type=\"application\/ld+json\" class=\"yoast-schema-graph\">{\"@context\":\"https:\/\/schema.org\",\"@graph\":[{\"@type\":\"WebPage\",\"@id\":\"https:\/\/dalouformations.fr\/index.php\/mentions-legales\/\",\"url\":\"https:\/\/dalouformations.fr\/index.php\/mentions-legales\/\",\"name\":\"Mentions l\u00e9gales - WordPress\",\"isPartOf\":{\"@id\":\"https:\/\/dalouformations.fr\/#website\"},\"datePublished\":\"2026-03-05T09:25:59+00:00\",\"dateModified\":\"2026-03-05T10:47:00+00:00\",\"breadcrumb\":{\"@id\":\"https:\/\/dalouformations.fr\/index.php\/mentions-legales\/#breadcrumb\"},\"inLanguage\":\"fr-FR\",\"potentialAction\":[{\"@type\":\"ReadAction\",\"target\":[\"https:\/\/dalouformations.fr\/index.php\/mentions-legales\/\"]}]},{\"@type\":\"BreadcrumbList\",\"@id\":\"https:\/\/dalouformations.fr\/index.php\/mentions-legales\/#breadcrumb\",\"itemListElement\":[{\"@type\":\"ListItem\",\"position\":1,\"name\":\"Accueil\",\"item\":\"https:\/\/dalouformations.fr\/\"},{\"@type\":\"ListItem\",\"position\":2,\"name\":\"Mentions l\u00e9gales\"}]},{\"@type\":\"WebSite\",\"@id\":\"https:\/\/dalouformations.fr\/#website\",\"url\":\"https:\/\/dalouformations.fr\/\",\"name\":\"WordPress\",\"description\":\"\",\"publisher\":{\"@id\":\"https:\/\/dalouformations.fr\/#organization\"},\"potentialAction\":[{\"@type\":\"SearchAction\",\"target\":{\"@type\":\"EntryPoint\",\"urlTemplate\":\"https:\/\/dalouformations.fr\/?s={search_term_string}\"},\"query-input\":{\"@type\":\"PropertyValueSpecification\",\"valueRequired\":true,\"valueName\":\"search_term_string\"}}],\"inLanguage\":\"fr-FR\"},{\"@type\":\"Organization\",\"@id\":\"https:\/\/dalouformations.fr\/#organization\",\"name\":\"WordPress\",\"url\":\"https:\/\/dalouformations.fr\/\",\"logo\":{\"@type\":\"ImageObject\",\"inLanguage\":\"fr-FR\",\"@id\":\"https:\/\/dalouformations.fr\/#\/schema\/logo\/image\/\",\"url\":\"https:\/\/dalouformations.fr\/wp-content\/uploads\/2026\/03\/cropped-logo-dalou-formations-.png\",\"contentUrl\":\"https:\/\/dalouformations.fr\/wp-content\/uploads\/2026\/03\/cropped-logo-dalou-formations-.png\",\"width\":748,\"height\":267,\"caption\":\"WordPress\"},\"image\":{\"@id\":\"https:\/\/dalouformations.fr\/#\/schema\/logo\/image\/\"}}]}<\/script>\n<!-- \/ Yoast SEO plugin. -->","yoast_head_json":{"title":"Mentions l\u00e9gales - WordPress","robots":{"index":"index","follow":"follow","max-snippet":"max-snippet:-1","max-image-preview":"max-image-preview:large","max-video-preview":"max-video-preview:-1"},"canonical":"https:\/\/dalouformations.fr\/index.php\/mentions-legales\/","og_locale":"fr_FR","og_type":"article","og_title":"Mentions l\u00e9gales - WordPress","og_description":"Mentions l\u00e9gales \u00c9diteur de site\u00a0 Le pr\u00e9sent site internet est \u00e9dit\u00e9 par : DALOU FORMATIONS\u00a0Statut juridique : SASUAdresse : 28 rue de Mimont 06400 CANNES\u00a0T\u00e9l\u00e9phone : +33 7 71 45 13 41Email : contact@dalouformations.fr Num\u00e9ro SIRET : 99911605600014 Num\u00e9ro de TVA\u00a0 : FR68999116056 Directeur de la publication : PEREZ Fabien H\u00e9bergement du site\u00a0 Le site [&hellip;]","og_url":"https:\/\/dalouformations.fr\/index.php\/mentions-legales\/","og_site_name":"WordPress","article_modified_time":"2026-03-05T10:47:00+00:00","twitter_card":"summary_large_image","twitter_misc":{"Dur\u00e9e de lecture estim\u00e9e":"3 minutes"},"schema":{"@context":"https:\/\/schema.org","@graph":[{"@type":"WebPage","@id":"https:\/\/dalouformations.fr\/index.php\/mentions-legales\/","url":"https:\/\/dalouformations.fr\/index.php\/mentions-legales\/","name":"Mentions l\u00e9gales - WordPress","isPartOf":{"@id":"https:\/\/dalouformations.fr\/#website"},"datePublished":"2026-03-05T09:25:59+00:00","dateModified":"2026-03-05T10:47:00+00:00","breadcrumb":{"@id":"https:\/\/dalouformations.fr\/index.php\/mentions-legales\/#breadcrumb"},"inLanguage":"fr-FR","potentialAction":[{"@type":"ReadAction","target":["https:\/\/dalouformations.fr\/index.php\/mentions-legales\/"]}]},{"@type":"BreadcrumbList","@id":"https:\/\/dalouformations.fr\/index.php\/mentions-legales\/#breadcrumb","itemListElement":[{"@type":"ListItem","position":1,"name":"Accueil","item":"https:\/\/dalouformations.fr\/"},{"@type":"ListItem","position":2,"name":"Mentions l\u00e9gales"}]},{"@type":"WebSite","@id":"https:\/\/dalouformations.fr\/#website","url":"https:\/\/dalouformations.fr\/","name":"WordPress","description":"","publisher":{"@id":"https:\/\/dalouformations.fr\/#organization"},"potentialAction":[{"@type":"SearchAction","target":{"@type":"EntryPoint","urlTemplate":"https:\/\/dalouformations.fr\/?s={search_term_string}"},"query-input":{"@type":"PropertyValueSpecification","valueRequired":true,"valueName":"search_term_string"}}],"inLanguage":"fr-FR"},{"@type":"Organization","@id":"https:\/\/dalouformations.fr\/#organization","name":"WordPress","url":"https:\/\/dalouformations.fr\/","logo":{"@type":"ImageObject","inLanguage":"fr-FR","@id":"https:\/\/dalouformations.fr\/#\/schema\/logo\/image\/","url":"https:\/\/dalouformations.fr\/wp-content\/uploads\/2026\/03\/cropped-logo-dalou-formations-.png","contentUrl":"https:\/\/dalouformations.fr\/wp-content\/uploads\/2026\/03\/cropped-logo-dalou-formations-.png","width":748,"height":267,"caption":"WordPress"},"image":{"@id":"https:\/\/dalouformations.fr\/#\/schema\/logo\/image\/"}}]}},"_links":{"self":[{"href":"https:\/\/dalouformations.fr\/index.php\/wp-json\/wp\/v2\/pages\/94","targetHints":{"allow":["GET"]}}],"collection":[{"href":"https:\/\/dalouformations.fr\/index.php\/wp-json\/wp\/v2\/pages"}],"about":[{"href":"https:\/\/dalouformations.fr\/index.php\/wp-json\/wp\/v2\/types\/page"}],"author":[{"embeddable":true,"href":"https:\/\/dalouformations.fr\/index.php\/wp-json\/wp\/v2\/users\/1"}],"replies":[{"embeddable":true,"href":"https:\/\/dalouformations.fr\/index.php\/wp-json\/wp\/v2\/comments?post=94"}],"version-history":[{"count":13,"href":"https:\/\/dalouformations.fr\/index.php\/wp-json\/wp\/v2\/pages\/94\/revisions"}],"predecessor-version":[{"id":109,"href":"https:\/\/dalouformations.fr\/index.php\/wp-json\/wp\/v2\/pages\/94\/revisions\/109"}],"wp:attachment":[{"href":"https:\/\/dalouformations.fr\/index.php\/wp-json\/wp\/v2\/media?parent=94"}],"curies":[{"name":"wp","href":"https:\/\/api.w.org\/{rel}","templated":true}]}}