{"id":9,"date":"2026-03-02T21:19:40","date_gmt":"2026-03-02T21:19:40","guid":{"rendered":"https:\/\/dalouformations.fr\/?page_id=9"},"modified":"2026-03-04T11:31:14","modified_gmt":"2026-03-04T11:31:14","slug":"accueil","status":"publish","type":"page","link":"https:\/\/dalouformations.fr\/","title":{"rendered":"Accueil"},"content":{"rendered":"\t\t<div data-elementor-type=\"wp-page\" data-elementor-id=\"9\" class=\"elementor elementor-9\">\n\t\t\t\t<div class=\"elementor-element elementor-element-b6c1a8a e-flex e-con-boxed e-con e-parent\" data-id=\"b6c1a8a\" data-element_type=\"container\" data-e-type=\"container\" data-settings=\"{&quot;background_background&quot;:&quot;classic&quot;,&quot;shape_divider_bottom&quot;:&quot;triangle&quot;,&quot;shape_divider_bottom_negative&quot;:&quot;yes&quot;}\">\n\t\t\t\t\t<div class=\"e-con-inner\">\n\t\t\t\t<div class=\"elementor-shape elementor-shape-bottom\" aria-hidden=\"true\" data-negative=\"true\">\n\t\t\t<svg xmlns=\"http:\/\/www.w3.org\/2000\/svg\" viewBox=\"0 0 1000 100\" preserveAspectRatio=\"none\">\n\t<path class=\"elementor-shape-fill\" d=\"M500.2,94.7L0,0v100h1000V0L500.2,94.7z\"\/>\n<\/svg>\t\t<\/div>\n\t\t\t\t<div class=\"elementor-element elementor-element-b35f5ec elementor-widget elementor-widget-heading\" data-id=\"b35f5ec\" data-element_type=\"widget\" data-e-type=\"widget\" data-widget_type=\"heading.default\">\n\t\t\t\t\t<h2 class=\"elementor-heading-title elementor-size-default\">DALOU FORMATIONS <\/h2>\t\t\t\t<\/div>\n\t\t\t\t<div class=\"elementor-element elementor-element-978c163 elementor-widget elementor-widget-text-editor\" data-id=\"978c163\" data-element_type=\"widget\" data-e-type=\"widget\" data-widget_type=\"text-editor.default\">\n\t\t\t\t\t\t\t\t\t<p>Organisme de formation d\u00e9di\u00e9 aux adultes, nous accompagnons les professionnels dans le d\u00e9veloppement de leurs comp\u00e9tences et l\u2019\u00e9volution de leur parcours. Des formations concr\u00e8tes, adapt\u00e9es aux besoins du terrain et anim\u00e9es par des formateurs exp\u00e9riment\u00e9s.<\/p>\t\t\t\t\t\t\t\t<\/div>\n\t\t\t\t\t<\/div>\n\t\t\t\t<\/div>\n\t\t<div class=\"elementor-element elementor-element-013fab0 e-flex e-con-boxed e-con e-parent\" data-id=\"013fab0\" data-element_type=\"container\" data-e-type=\"container\">\n\t\t\t\t\t<div class=\"e-con-inner\">\n\t\t\t\t<div class=\"elementor-element elementor-element-cfeecf2 elementor-widget__width-inherit elementor-widget elementor-widget-image\" data-id=\"cfeecf2\" data-element_type=\"widget\" data-e-type=\"widget\" data-widget_type=\"image.default\">\n\t\t\t\t\t\t\t\t\t\t\t\t\t\t\t<img fetchpriority=\"high\" decoding=\"async\" width=\"1792\" height=\"1010\" src=\"https:\/\/dalouformations.fr\/wp-content\/uploads\/2026\/03\/Capture-decran-2026-03-04-a-11.24.29.png\" class=\"attachment-full size-full wp-image-50\" alt=\"\" srcset=\"https:\/\/dalouformations.fr\/wp-content\/uploads\/2026\/03\/Capture-decran-2026-03-04-a-11.24.29.png 1792w, https:\/\/dalouformations.fr\/wp-content\/uploads\/2026\/03\/Capture-decran-2026-03-04-a-11.24.29-300x169.png 300w, https:\/\/dalouformations.fr\/wp-content\/uploads\/2026\/03\/Capture-decran-2026-03-04-a-11.24.29-1024x577.png 1024w, https:\/\/dalouformations.fr\/wp-content\/uploads\/2026\/03\/Capture-decran-2026-03-04-a-11.24.29-768x433.png 768w, https:\/\/dalouformations.fr\/wp-content\/uploads\/2026\/03\/Capture-decran-2026-03-04-a-11.24.29-1536x866.png 1536w, https:\/\/dalouformations.fr\/wp-content\/uploads\/2026\/03\/Capture-decran-2026-03-04-a-11.24.29-800x450.png 800w\" sizes=\"(max-width: 1792px) 100vw, 1792px\" \/>\t\t\t\t\t\t\t\t\t\t\t\t\t\t\t<\/div>\n\t\t\t\t\t<\/div>\n\t\t\t\t<\/div>\n\t\t<div class=\"elementor-element elementor-element-ccee67c e-flex e-con-boxed e-con e-parent\" data-id=\"ccee67c\" data-element_type=\"container\" data-e-type=\"container\">\n\t\t\t\t\t<div class=\"e-con-inner\">\n\t\t<div class=\"elementor-element elementor-element-7835e97 e-con-full e-flex e-con e-child\" data-id=\"7835e97\" data-element_type=\"container\" data-e-type=\"container\">\n\t\t\t\t<div class=\"elementor-element elementor-element-fa3ecc2 elementor-view-default elementor-widget elementor-widget-icon\" data-id=\"fa3ecc2\" data-element_type=\"widget\" data-e-type=\"widget\" data-widget_type=\"icon.default\">\n\t\t\t\t\t\t\t<div class=\"elementor-icon-wrapper\">\n\t\t\t<div class=\"elementor-icon\">\n\t\t\t<svg aria-hidden=\"true\" class=\"e-font-icon-svg e-fab-medapps\" viewBox=\"0 0 320 512\" xmlns=\"http:\/\/www.w3.org\/2000\/svg\"><path d=\"M118.3 238.4c3.5-12.5 6.9-33.6 13.2-33.6 8.3 1.8 9.6 23.4 18.6 36.6 4.6-23.5 5.3-85.1 14.1-86.7 9-.7 19.7 66.5 22 77.5 9.9 4.1 48.9 6.6 48.9 6.6 1.9 7.3-24 7.6-40 7.8-4.6 14.8-5.4 27.7-11.4 28-4.7.2-8.2-28.8-17.5-49.6l-9.4 65.5c-4.4 13-15.5-22.5-21.9-39.3-3.3-.1-62.4-1.6-47.6-7.8l31-5zM228 448c21.2 0 21.2-32 0-32H92c-21.2 0-21.2 32 0 32h136zm-24 64c21.2 0 21.2-32 0-32h-88c-21.2 0-21.2 32 0 32h88zm34.2-141.5c3.2-18.9 5.2-36.4 11.9-48.8 7.9-14.7 16.1-28.1 24-41 24.6-40.4 45.9-75.2 45.9-125.5C320 69.6 248.2 0 160 0S0 69.6 0 155.2c0 50.2 21.3 85.1 45.9 125.5 7.9 12.9 16 26.3 24 41 6.7 12.5 8.7 29.8 11.9 48.9 3.5 21 36.1 15.7 32.6-5.1-3.6-21.7-5.6-40.7-15.3-58.6C66.5 246.5 33 211.3 33 155.2 33 87.3 90 32 160 32s127 55.3 127 123.2c0 56.1-33.5 91.3-66.1 151.6-9.7 18-11.7 37.4-15.3 58.6-3.4 20.6 29 26.4 32.6 5.1z\"><\/path><\/svg>\t\t\t<\/div>\n\t\t<\/div>\n\t\t\t\t\t\t<\/div>\n\t\t\t\t<div class=\"elementor-element elementor-element-843e615 elementor-widget elementor-widget-heading\" data-id=\"843e615\" data-element_type=\"widget\" data-e-type=\"widget\" data-widget_type=\"heading.default\">\n\t\t\t\t\t<h2 class=\"elementor-heading-title elementor-size-default\">Qualit\u00e9 p\u00e9dagogique<\/h2>\t\t\t\t<\/div>\n\t\t\t\t<div class=\"elementor-element elementor-element-cf90fbc elementor-widget elementor-widget-text-editor\" data-id=\"cf90fbc\" data-element_type=\"widget\" data-e-type=\"widget\" data-widget_type=\"text-editor.default\">\n\t\t\t\t\t\t\t\t\t<p>Des formations structur\u00e9es, actualis\u00e9es et adapt\u00e9es aux r\u00e9alit\u00e9s du terrain.<br data-start=\"306\" data-end=\"309\" \/>Programmes clairs, objectifs pr\u00e9cis, m\u00e9thodes actives.<\/p>\t\t\t\t\t\t\t\t<\/div>\n\t\t\t\t<\/div>\n\t\t<div class=\"elementor-element elementor-element-491320a e-con-full e-flex e-con e-child\" data-id=\"491320a\" data-element_type=\"container\" data-e-type=\"container\">\n\t\t\t\t<div class=\"elementor-element elementor-element-c721f51 elementor-view-default elementor-widget elementor-widget-icon\" data-id=\"c721f51\" data-element_type=\"widget\" data-e-type=\"widget\" data-widget_type=\"icon.default\">\n\t\t\t\t\t\t\t<div class=\"elementor-icon-wrapper\">\n\t\t\t<div class=\"elementor-icon\">\n\t\t\t<svg aria-hidden=\"true\" class=\"e-font-icon-svg e-fas-hands-helping\" viewBox=\"0 0 640 512\" xmlns=\"http:\/\/www.w3.org\/2000\/svg\"><path d=\"M488 192H336v56c0 39.7-32.3 72-72 72s-72-32.3-72-72V126.4l-64.9 39C107.8 176.9 96 197.8 96 220.2v47.3l-80 46.2C.7 322.5-4.6 342.1 4.3 357.4l80 138.6c8.8 15.3 28.4 20.5 43.7 11.7L231.4 448H368c35.3 0 64-28.7 64-64h16c17.7 0 32-14.3 32-32v-64h8c13.3 0 24-10.7 24-24v-48c0-13.3-10.7-24-24-24zm147.7-37.4L555.7 16C546.9.7 527.3-4.5 512 4.3L408.6 64H306.4c-12 0-23.7 3.4-33.9 9.7L239 94.6c-9.4 5.8-15 16.1-15 27.1V248c0 22.1 17.9 40 40 40s40-17.9 40-40v-88h184c30.9 0 56 25.1 56 56v28.5l80-46.2c15.3-8.9 20.5-28.4 11.7-43.7z\"><\/path><\/svg>\t\t\t<\/div>\n\t\t<\/div>\n\t\t\t\t\t\t<\/div>\n\t\t\t\t<div class=\"elementor-element elementor-element-343af56 elementor-widget elementor-widget-heading\" data-id=\"343af56\" data-element_type=\"widget\" data-e-type=\"widget\" data-widget_type=\"heading.default\">\n\t\t\t\t\t<h2 class=\"elementor-heading-title elementor-size-default\">Accompagnement personnalis\u00e9<\/h2>\t\t\t\t<\/div>\n\t\t\t\t<div class=\"elementor-element elementor-element-817333e elementor-widget elementor-widget-text-editor\" data-id=\"817333e\" data-element_type=\"widget\" data-e-type=\"widget\" data-widget_type=\"text-editor.default\">\n\t\t\t\t\t\t\t\t\t<p>Un suivi humain et attentif \u00e0 chaque \u00e9tape du parcours.<br data-start=\"469\" data-end=\"472\" \/>\u00c9coute des besoins, adaptation au niveau, conseils individualis\u00e9s.<\/p>\t\t\t\t\t\t\t\t<\/div>\n\t\t\t\t<\/div>\n\t\t<div class=\"elementor-element elementor-element-f307003 e-con-full e-flex e-con e-child\" data-id=\"f307003\" data-element_type=\"container\" data-e-type=\"container\">\n\t\t\t\t<div class=\"elementor-element elementor-element-f0d7b92 elementor-view-default elementor-widget elementor-widget-icon\" data-id=\"f0d7b92\" data-element_type=\"widget\" data-e-type=\"widget\" data-widget_type=\"icon.default\">\n\t\t\t\t\t\t\t<div class=\"elementor-icon-wrapper\">\n\t\t\t<div class=\"elementor-icon\">\n\t\t\t<svg aria-hidden=\"true\" class=\"e-font-icon-svg e-fas-graduation-cap\" viewBox=\"0 0 640 512\" xmlns=\"http:\/\/www.w3.org\/2000\/svg\"><path d=\"M622.34 153.2L343.4 67.5c-15.2-4.67-31.6-4.67-46.79 0L17.66 153.2c-23.54 7.23-23.54 38.36 0 45.59l48.63 14.94c-10.67 13.19-17.23 29.28-17.88 46.9C38.78 266.15 32 276.11 32 288c0 10.78 5.68 19.85 13.86 25.65L20.33 428.53C18.11 438.52 25.71 448 35.94 448h56.11c10.24 0 17.84-9.48 15.62-19.47L82.14 313.65C90.32 307.85 96 298.78 96 288c0-11.57-6.47-21.25-15.66-26.87.76-15.02 8.44-28.3 20.69-36.72L296.6 284.5c9.06 2.78 26.44 6.25 46.79 0l278.95-85.7c23.55-7.24 23.55-38.36 0-45.6zM352.79 315.09c-28.53 8.76-52.84 3.92-65.59 0l-145.02-44.55L128 384c0 35.35 85.96 64 192 64s192-28.65 192-64l-14.18-113.47-145.03 44.56z\"><\/path><\/svg>\t\t\t<\/div>\n\t\t<\/div>\n\t\t\t\t\t\t<\/div>\n\t\t\t\t<div class=\"elementor-element elementor-element-dd831c8 elementor-widget elementor-widget-heading\" data-id=\"dd831c8\" data-element_type=\"widget\" data-e-type=\"widget\" data-widget_type=\"heading.default\">\n\t\t\t\t\t<h2 class=\"elementor-heading-title elementor-size-default\">Professionnalisme &amp; expertise<\/h2>\t\t\t\t<\/div>\n\t\t\t\t<div class=\"elementor-element elementor-element-51a027a elementor-widget elementor-widget-text-editor\" data-id=\"51a027a\" data-element_type=\"widget\" data-e-type=\"widget\" data-widget_type=\"text-editor.default\">\n\t\t\t\t\t\t\t\t\t<p>Des formateurs exp\u00e9riment\u00e9s, experts dans leur domaine.<br data-start=\"646\" data-end=\"649\" \/>Des contenus concrets, directement applicables en entreprise.<\/p>\t\t\t\t\t\t\t\t<\/div>\n\t\t\t\t<\/div>\n\t\t<div class=\"elementor-element elementor-element-6f4b322 e-con-full e-flex e-con e-child\" data-id=\"6f4b322\" data-element_type=\"container\" data-e-type=\"container\">\n\t\t\t\t<div class=\"elementor-element elementor-element-13df649 elementor-view-default elementor-widget elementor-widget-icon\" data-id=\"13df649\" data-element_type=\"widget\" data-e-type=\"widget\" data-widget_type=\"icon.default\">\n\t\t\t\t\t\t\t<div class=\"elementor-icon-wrapper\">\n\t\t\t<div class=\"elementor-icon\">\n\t\t\t<svg aria-hidden=\"true\" class=\"e-font-icon-svg e-fas-award\" viewBox=\"0 0 384 512\" xmlns=\"http:\/\/www.w3.org\/2000\/svg\"><path d=\"M97.12 362.63c-8.69-8.69-4.16-6.24-25.12-11.85-9.51-2.55-17.87-7.45-25.43-13.32L1.2 448.7c-4.39 10.77 3.81 22.47 15.43 22.03l52.69-2.01L105.56 507c8 8.44 22.04 5.81 26.43-4.96l52.05-127.62c-10.84 6.04-22.87 9.58-35.31 9.58-19.5 0-37.82-7.59-51.61-21.37zM382.8 448.7l-45.37-111.24c-7.56 5.88-15.92 10.77-25.43 13.32-21.07 5.64-16.45 3.18-25.12 11.85-13.79 13.78-32.12 21.37-51.62 21.37-12.44 0-24.47-3.55-35.31-9.58L252 502.04c4.39 10.77 18.44 13.4 26.43 4.96l36.25-38.28 52.69 2.01c11.62.44 19.82-11.27 15.43-22.03zM263 340c15.28-15.55 17.03-14.21 38.79-20.14 13.89-3.79 24.75-14.84 28.47-28.98 7.48-28.4 5.54-24.97 25.95-45.75 10.17-10.35 14.14-25.44 10.42-39.58-7.47-28.38-7.48-24.42 0-52.83 3.72-14.14-.25-29.23-10.42-39.58-20.41-20.78-18.47-17.36-25.95-45.75-3.72-14.14-14.58-25.19-28.47-28.98-27.88-7.61-24.52-5.62-44.95-26.41-10.17-10.35-25-14.4-38.89-10.61-27.87 7.6-23.98 7.61-51.9 0-13.89-3.79-28.72.25-38.89 10.61-20.41 20.78-17.05 18.8-44.94 26.41-13.89 3.79-24.75 14.84-28.47 28.98-7.47 28.39-5.54 24.97-25.95 45.75-10.17 10.35-14.15 25.44-10.42 39.58 7.47 28.36 7.48 24.4 0 52.82-3.72 14.14.25 29.23 10.42 39.59 20.41 20.78 18.47 17.35 25.95 45.75 3.72 14.14 14.58 25.19 28.47 28.98C104.6 325.96 106.27 325 121 340c13.23 13.47 33.84 15.88 49.74 5.82a39.676 39.676 0 0 1 42.53 0c15.89 10.06 36.5 7.65 49.73-5.82zM97.66 175.96c0-53.03 42.24-96.02 94.34-96.02s94.34 42.99 94.34 96.02-42.24 96.02-94.34 96.02-94.34-42.99-94.34-96.02z\"><\/path><\/svg>\t\t\t<\/div>\n\t\t<\/div>\n\t\t\t\t\t\t<\/div>\n\t\t\t\t<div class=\"elementor-element elementor-element-c9928a9 elementor-widget elementor-widget-heading\" data-id=\"c9928a9\" data-element_type=\"widget\" data-e-type=\"widget\" data-widget_type=\"heading.default\">\n\t\t\t\t\t<h2 class=\"elementor-heading-title elementor-size-default\">Impact &amp; r\u00e9sultats<\/h2>\t\t\t\t<\/div>\n\t\t\t\t<div class=\"elementor-element elementor-element-59789c6 elementor-widget elementor-widget-text-editor\" data-id=\"59789c6\" data-element_type=\"widget\" data-e-type=\"widget\" data-widget_type=\"text-editor.default\">\n\t\t\t\t\t\t\t\t\t<p>Des comp\u00e9tences utiles, mesurables et mobilisables imm\u00e9diatement.<br data-start=\"817\" data-end=\"820\" \/>Notre objectif : votre mont\u00e9e en comp\u00e9tences durable.<\/p>\t\t\t\t\t\t\t\t<\/div>\n\t\t\t\t<\/div>\n\t\t\t\t\t<\/div>\n\t\t\t\t<\/div>\n\t\t\t\t<\/div>\n\t\t","protected":false},"excerpt":{"rendered":"<p>DALOU FORMATIONS Organisme de formation d\u00e9di\u00e9 aux adultes, nous accompagnons les professionnels dans le d\u00e9veloppement de leurs comp\u00e9tences et l\u2019\u00e9volution de leur parcours. Des formations concr\u00e8tes, adapt\u00e9es aux besoins du terrain et anim\u00e9es par des formateurs exp\u00e9riment\u00e9s. Qualit\u00e9 p\u00e9dagogique Des formations structur\u00e9es, actualis\u00e9es et adapt\u00e9es aux r\u00e9alit\u00e9s du terrain.Programmes clairs, objectifs pr\u00e9cis, m\u00e9thodes actives. Accompagnement [&hellip;]<\/p>\n","protected":false},"author":1,"featured_media":0,"parent":0,"menu_order":0,"comment_status":"closed","ping_status":"closed","template":"elementor_header_footer","meta":{"footnotes":""},"class_list":["post-9","page","type-page","status-publish","hentry","entry"],"yoast_head":"<!-- This site is optimized with the Yoast SEO plugin v27.0 - https:\/\/yoast.com\/product\/yoast-seo-wordpress\/ -->\n<title>Accueil - Dalou formations<\/title>\n<meta name=\"description\" content=\"Organisme de formation pour adultes : d\u00e9veloppez vos comp\u00e9tences gr\u00e2ce \u00e0 des formations certifiantes, adapt\u00e9es \u00e0 vos besoins et \u00e0 votre \u00e9volution professionnelle.\" \/>\n<meta name=\"robots\" content=\"index, follow, max-snippet:-1, max-image-preview:large, max-video-preview:-1\" \/>\n<link rel=\"canonical\" href=\"https:\/\/dalouformations.fr\/\" \/>\n<meta property=\"og:locale\" content=\"fr_FR\" \/>\n<meta property=\"og:type\" content=\"article\" \/>\n<meta property=\"og:title\" content=\"Accueil - Dalou formations\" \/>\n<meta property=\"og:description\" content=\"Organisme de formation pour adultes : d\u00e9veloppez vos comp\u00e9tences gr\u00e2ce \u00e0 des formations certifiantes, adapt\u00e9es \u00e0 vos besoins et \u00e0 votre \u00e9volution professionnelle.\" \/>\n<meta property=\"og:url\" content=\"https:\/\/dalouformations.fr\/\" \/>\n<meta property=\"og:site_name\" content=\"WordPress\" \/>\n<meta property=\"article:modified_time\" content=\"2026-03-04T11:31:14+00:00\" \/>\n<meta property=\"og:image\" content=\"http:\/\/dalouformations.fr\/wp-content\/uploads\/2026\/03\/Capture-decran-2026-03-04-a-11.24.29.png\" \/>\n<meta name=\"twitter:card\" content=\"summary_large_image\" \/>\n<meta name=\"twitter:label1\" content=\"Dur\u00e9e de lecture estim\u00e9e\" \/>\n\t<meta name=\"twitter:data1\" content=\"1 minute\" \/>\n<script type=\"application\/ld+json\" class=\"yoast-schema-graph\">{\"@context\":\"https:\/\/schema.org\",\"@graph\":[{\"@type\":\"WebPage\",\"@id\":\"https:\/\/dalouformations.fr\/\",\"url\":\"https:\/\/dalouformations.fr\/\",\"name\":\"Accueil - Dalou formations\",\"isPartOf\":{\"@id\":\"https:\/\/dalouformations.fr\/#website\"},\"primaryImageOfPage\":{\"@id\":\"https:\/\/dalouformations.fr\/#primaryimage\"},\"image\":{\"@id\":\"https:\/\/dalouformations.fr\/#primaryimage\"},\"thumbnailUrl\":\"http:\/\/dalouformations.fr\/wp-content\/uploads\/2026\/03\/Capture-decran-2026-03-04-a-11.24.29.png\",\"datePublished\":\"2026-03-02T21:19:40+00:00\",\"dateModified\":\"2026-03-04T11:31:14+00:00\",\"description\":\"Organisme de formation pour adultes : d\u00e9veloppez vos comp\u00e9tences gr\u00e2ce \u00e0 des formations certifiantes, adapt\u00e9es \u00e0 vos besoins et \u00e0 votre \u00e9volution professionnelle.\",\"breadcrumb\":{\"@id\":\"https:\/\/dalouformations.fr\/#breadcrumb\"},\"inLanguage\":\"fr-FR\",\"potentialAction\":[{\"@type\":\"ReadAction\",\"target\":[\"https:\/\/dalouformations.fr\/\"]}]},{\"@type\":\"ImageObject\",\"inLanguage\":\"fr-FR\",\"@id\":\"https:\/\/dalouformations.fr\/#primaryimage\",\"url\":\"https:\/\/dalouformations.fr\/wp-content\/uploads\/2026\/03\/Capture-decran-2026-03-04-a-11.24.29.png\",\"contentUrl\":\"https:\/\/dalouformations.fr\/wp-content\/uploads\/2026\/03\/Capture-decran-2026-03-04-a-11.24.29.png\",\"width\":1792,\"height\":1010},{\"@type\":\"BreadcrumbList\",\"@id\":\"https:\/\/dalouformations.fr\/#breadcrumb\",\"itemListElement\":[{\"@type\":\"ListItem\",\"position\":1,\"name\":\"Accueil\",\"item\":\"https:\/\/dalouformations.fr\/\"},{\"@type\":\"ListItem\",\"position\":2,\"name\":\"Accueil\"}]},{\"@type\":\"WebSite\",\"@id\":\"https:\/\/dalouformations.fr\/#website\",\"url\":\"https:\/\/dalouformations.fr\/\",\"name\":\"WordPress\",\"description\":\"\",\"publisher\":{\"@id\":\"https:\/\/dalouformations.fr\/#organization\"},\"potentialAction\":[{\"@type\":\"SearchAction\",\"target\":{\"@type\":\"EntryPoint\",\"urlTemplate\":\"https:\/\/dalouformations.fr\/?s={search_term_string}\"},\"query-input\":{\"@type\":\"PropertyValueSpecification\",\"valueRequired\":true,\"valueName\":\"search_term_string\"}}],\"inLanguage\":\"fr-FR\"},{\"@type\":\"Organization\",\"@id\":\"https:\/\/dalouformations.fr\/#organization\",\"name\":\"WordPress\",\"url\":\"https:\/\/dalouformations.fr\/\",\"logo\":{\"@type\":\"ImageObject\",\"inLanguage\":\"fr-FR\",\"@id\":\"https:\/\/dalouformations.fr\/#\/schema\/logo\/image\/\",\"url\":\"https:\/\/dalouformations.fr\/wp-content\/uploads\/2026\/03\/cropped-logo-dalou-formations-.png\",\"contentUrl\":\"https:\/\/dalouformations.fr\/wp-content\/uploads\/2026\/03\/cropped-logo-dalou-formations-.png\",\"width\":748,\"height\":267,\"caption\":\"WordPress\"},\"image\":{\"@id\":\"https:\/\/dalouformations.fr\/#\/schema\/logo\/image\/\"}}]}<\/script>\n<!-- \/ Yoast SEO plugin. -->","yoast_head_json":{"title":"Accueil - Dalou formations","description":"Organisme de formation pour adultes : d\u00e9veloppez vos comp\u00e9tences gr\u00e2ce \u00e0 des formations certifiantes, adapt\u00e9es \u00e0 vos besoins et \u00e0 votre \u00e9volution professionnelle.","robots":{"index":"index","follow":"follow","max-snippet":"max-snippet:-1","max-image-preview":"max-image-preview:large","max-video-preview":"max-video-preview:-1"},"canonical":"https:\/\/dalouformations.fr\/","og_locale":"fr_FR","og_type":"article","og_title":"Accueil - Dalou formations","og_description":"Organisme de formation pour adultes : d\u00e9veloppez vos comp\u00e9tences gr\u00e2ce \u00e0 des formations certifiantes, adapt\u00e9es \u00e0 vos besoins et \u00e0 votre \u00e9volution professionnelle.","og_url":"https:\/\/dalouformations.fr\/","og_site_name":"WordPress","article_modified_time":"2026-03-04T11:31:14+00:00","og_image":[{"url":"http:\/\/dalouformations.fr\/wp-content\/uploads\/2026\/03\/Capture-decran-2026-03-04-a-11.24.29.png","type":"","width":"","height":""}],"twitter_card":"summary_large_image","twitter_misc":{"Dur\u00e9e de lecture estim\u00e9e":"1 minute"},"schema":{"@context":"https:\/\/schema.org","@graph":[{"@type":"WebPage","@id":"https:\/\/dalouformations.fr\/","url":"https:\/\/dalouformations.fr\/","name":"Accueil - Dalou formations","isPartOf":{"@id":"https:\/\/dalouformations.fr\/#website"},"primaryImageOfPage":{"@id":"https:\/\/dalouformations.fr\/#primaryimage"},"image":{"@id":"https:\/\/dalouformations.fr\/#primaryimage"},"thumbnailUrl":"http:\/\/dalouformations.fr\/wp-content\/uploads\/2026\/03\/Capture-decran-2026-03-04-a-11.24.29.png","datePublished":"2026-03-02T21:19:40+00:00","dateModified":"2026-03-04T11:31:14+00:00","description":"Organisme de formation pour adultes : d\u00e9veloppez vos comp\u00e9tences gr\u00e2ce \u00e0 des formations certifiantes, adapt\u00e9es \u00e0 vos besoins et \u00e0 votre \u00e9volution professionnelle.","breadcrumb":{"@id":"https:\/\/dalouformations.fr\/#breadcrumb"},"inLanguage":"fr-FR","potentialAction":[{"@type":"ReadAction","target":["https:\/\/dalouformations.fr\/"]}]},{"@type":"ImageObject","inLanguage":"fr-FR","@id":"https:\/\/dalouformations.fr\/#primaryimage","url":"https:\/\/dalouformations.fr\/wp-content\/uploads\/2026\/03\/Capture-decran-2026-03-04-a-11.24.29.png","contentUrl":"https:\/\/dalouformations.fr\/wp-content\/uploads\/2026\/03\/Capture-decran-2026-03-04-a-11.24.29.png","width":1792,"height":1010},{"@type":"BreadcrumbList","@id":"https:\/\/dalouformations.fr\/#breadcrumb","itemListElement":[{"@type":"ListItem","position":1,"name":"Accueil","item":"https:\/\/dalouformations.fr\/"},{"@type":"ListItem","position":2,"name":"Accueil"}]},{"@type":"WebSite","@id":"https:\/\/dalouformations.fr\/#website","url":"https:\/\/dalouformations.fr\/","name":"WordPress","description":"","publisher":{"@id":"https:\/\/dalouformations.fr\/#organization"},"potentialAction":[{"@type":"SearchAction","target":{"@type":"EntryPoint","urlTemplate":"https:\/\/dalouformations.fr\/?s={search_term_string}"},"query-input":{"@type":"PropertyValueSpecification","valueRequired":true,"valueName":"search_term_string"}}],"inLanguage":"fr-FR"},{"@type":"Organization","@id":"https:\/\/dalouformations.fr\/#organization","name":"WordPress","url":"https:\/\/dalouformations.fr\/","logo":{"@type":"ImageObject","inLanguage":"fr-FR","@id":"https:\/\/dalouformations.fr\/#\/schema\/logo\/image\/","url":"https:\/\/dalouformations.fr\/wp-content\/uploads\/2026\/03\/cropped-logo-dalou-formations-.png","contentUrl":"https:\/\/dalouformations.fr\/wp-content\/uploads\/2026\/03\/cropped-logo-dalou-formations-.png","width":748,"height":267,"caption":"WordPress"},"image":{"@id":"https:\/\/dalouformations.fr\/#\/schema\/logo\/image\/"}}]}},"_links":{"self":[{"href":"https:\/\/dalouformations.fr\/index.php\/wp-json\/wp\/v2\/pages\/9","targetHints":{"allow":["GET"]}}],"collection":[{"href":"https:\/\/dalouformations.fr\/index.php\/wp-json\/wp\/v2\/pages"}],"about":[{"href":"https:\/\/dalouformations.fr\/index.php\/wp-json\/wp\/v2\/types\/page"}],"author":[{"embeddable":true,"href":"https:\/\/dalouformations.fr\/index.php\/wp-json\/wp\/v2\/users\/1"}],"replies":[{"embeddable":true,"href":"https:\/\/dalouformations.fr\/index.php\/wp-json\/wp\/v2\/comments?post=9"}],"version-history":[{"count":19,"href":"https:\/\/dalouformations.fr\/index.php\/wp-json\/wp\/v2\/pages\/9\/revisions"}],"predecessor-version":[{"id":66,"href":"https:\/\/dalouformations.fr\/index.php\/wp-json\/wp\/v2\/pages\/9\/revisions\/66"}],"wp:attachment":[{"href":"https:\/\/dalouformations.fr\/index.php\/wp-json\/wp\/v2\/media?parent=9"}],"curies":[{"name":"wp","href":"https:\/\/api.w.org\/{rel}","templated":true}]}}