{"id":18,"date":"2026-03-03T09:51:52","date_gmt":"2026-03-03T09:51:52","guid":{"rendered":"https:\/\/dalouformations.fr\/?page_id=18"},"modified":"2026-03-25T12:46:11","modified_gmt":"2026-03-25T12:46:11","slug":"nos-services","status":"publish","type":"page","link":"https:\/\/dalouformations.fr\/index.php\/nos-services\/","title":{"rendered":"Nos formations"},"content":{"rendered":"\t\t<div data-elementor-type=\"wp-page\" data-elementor-id=\"18\" class=\"elementor elementor-18\">\n\t\t\t\t<div class=\"elementor-element elementor-element-26a7352 e-flex e-con-boxed e-con e-parent\" data-id=\"26a7352\" data-element_type=\"container\" data-e-type=\"container\">\n\t\t\t\t\t<div class=\"e-con-inner\">\n\t\t<div class=\"elementor-element elementor-element-5c9c5ab e-con-full e-flex e-con e-child\" data-id=\"5c9c5ab\" data-element_type=\"container\" data-e-type=\"container\">\n\t\t\t\t<div class=\"elementor-element elementor-element-5186e9a elementor-widget elementor-widget-spacer\" data-id=\"5186e9a\" data-element_type=\"widget\" data-e-type=\"widget\" data-widget_type=\"spacer.default\">\n\t\t\t\t\t\t\t<div class=\"elementor-spacer\">\n\t\t\t<div class=\"elementor-spacer-inner\"><\/div>\n\t\t<\/div>\n\t\t\t\t\t\t<\/div>\n\t\t\t\t<div class=\"elementor-element elementor-element-de72029 elementor-widget elementor-widget-image\" data-id=\"de72029\" data-element_type=\"widget\" data-e-type=\"widget\" data-widget_type=\"image.default\">\n\t\t\t\t\t\t\t\t\t\t\t\t\t\t\t<img fetchpriority=\"high\" decoding=\"async\" width=\"496\" height=\"256\" src=\"https:\/\/dalouformations.fr\/wp-content\/uploads\/2026\/03\/drapeau-royaume-uni.jpg\" class=\"attachment-large size-large wp-image-116\" alt=\"\" srcset=\"https:\/\/dalouformations.fr\/wp-content\/uploads\/2026\/03\/drapeau-royaume-uni.jpg 496w, https:\/\/dalouformations.fr\/wp-content\/uploads\/2026\/03\/drapeau-royaume-uni-300x155.jpg 300w\" sizes=\"(max-width: 496px) 100vw, 496px\" \/>\t\t\t\t\t\t\t\t\t\t\t\t\t\t\t<\/div>\n\t\t\t\t<\/div>\n\t\t<div class=\"elementor-element elementor-element-a3767ca e-con-full e-flex e-con e-child\" data-id=\"a3767ca\" data-element_type=\"container\" data-e-type=\"container\">\n\t\t\t\t<div class=\"elementor-element elementor-element-18dc8f2 elementor-widget elementor-widget-heading\" data-id=\"18dc8f2\" data-element_type=\"widget\" data-e-type=\"widget\" data-widget_type=\"heading.default\">\n\t\t\t\t\t<h2 class=\"elementor-heading-title elementor-size-default\">Anglais <\/h2>\t\t\t\t<\/div>\n\t\t\t\t<div class=\"elementor-element elementor-element-3f17e7f elementor-widget elementor-widget-text-editor\" data-id=\"3f17e7f\" data-element_type=\"widget\" data-e-type=\"widget\" data-widget_type=\"text-editor.default\">\n\t\t\t\t\t\t\t\t\t<p data-start=\"0\" data-end=\"104\">Am\u00e9liorez votre anglais gr\u00e2ce \u00e0 des formations sur mesure adapt\u00e9es aux entreprises comme aux salari\u00e9s.<\/p><p data-start=\"106\" data-end=\"260\">Avec une approche pratique et orient\u00e9e m\u00e9tier, d\u00e9veloppez rapidement votre aisance \u00e0 l\u2019oral et \u00e0 l\u2019\u00e9crit dans des situations professionnelles concr\u00e8tes.<\/p><p data-start=\"262\" data-end=\"368\" data-is-last-node=\"\" data-is-only-node=\"\">Un v\u00e9ritable atout pour gagner en confiance, en efficacit\u00e9 et \u00e9voluer dans un environnement international.<\/p>\t\t\t\t\t\t\t\t<\/div>\n\t\t\t\t<\/div>\n\t\t\t\t\t<\/div>\n\t\t\t\t<\/div>\n\t\t<div class=\"elementor-element elementor-element-f04b795 e-flex e-con-boxed e-con e-parent\" data-id=\"f04b795\" data-element_type=\"container\" data-e-type=\"container\">\n\t\t\t\t\t<div class=\"e-con-inner\">\n\t\t<div class=\"elementor-element elementor-element-35dbb1f e-con-full e-flex e-con e-child\" data-id=\"35dbb1f\" data-element_type=\"container\" data-e-type=\"container\">\n\t\t\t\t<div class=\"elementor-element elementor-element-39e215e elementor-widget elementor-widget-spacer\" data-id=\"39e215e\" data-element_type=\"widget\" data-e-type=\"widget\" data-widget_type=\"spacer.default\">\n\t\t\t\t\t\t\t<div class=\"elementor-spacer\">\n\t\t\t<div class=\"elementor-spacer-inner\"><\/div>\n\t\t<\/div>\n\t\t\t\t\t\t<\/div>\n\t\t\t\t<div class=\"elementor-element elementor-element-cdd2639 elementor-widget elementor-widget-image\" data-id=\"cdd2639\" data-element_type=\"widget\" data-e-type=\"widget\" data-widget_type=\"image.default\">\n\t\t\t\t\t\t\t\t\t\t\t\t\t\t\t<img decoding=\"async\" width=\"722\" height=\"430\" src=\"https:\/\/dalouformations.fr\/wp-content\/uploads\/2026\/03\/1739872230332.png\" class=\"attachment-large size-large wp-image-123\" alt=\"\" srcset=\"https:\/\/dalouformations.fr\/wp-content\/uploads\/2026\/03\/1739872230332.png 722w, https:\/\/dalouformations.fr\/wp-content\/uploads\/2026\/03\/1739872230332-300x179.png 300w\" sizes=\"(max-width: 722px) 100vw, 722px\" \/>\t\t\t\t\t\t\t\t\t\t\t\t\t\t\t<\/div>\n\t\t\t\t<\/div>\n\t\t<div class=\"elementor-element elementor-element-667ff76 e-con-full e-flex e-con e-child\" data-id=\"667ff76\" data-element_type=\"container\" data-e-type=\"container\">\n\t\t\t\t<div class=\"elementor-element elementor-element-ae0cec6 elementor-widget elementor-widget-heading\" data-id=\"ae0cec6\" data-element_type=\"widget\" data-e-type=\"widget\" data-widget_type=\"heading.default\">\n\t\t\t\t\t<h2 class=\"elementor-heading-title elementor-size-default\">Outils bureautique : Word, Excel, Powerpoint <\/h2>\t\t\t\t<\/div>\n\t\t\t\t<div class=\"elementor-element elementor-element-27f1953 elementor-widget elementor-widget-text-editor\" data-id=\"27f1953\" data-element_type=\"widget\" data-e-type=\"widget\" data-widget_type=\"text-editor.default\">\n\t\t\t\t\t\t\t\t\t<p data-start=\"0\" data-end=\"104\">Am\u00e9liorez votre anglais gr\u00e2ce \u00e0 des formations sur mesure adapt\u00e9es aux entreprises comme aux salari\u00e9s.<\/p><p data-start=\"106\" data-end=\"260\">Avec une approche pratique et orient\u00e9e m\u00e9tier, d\u00e9veloppez rapidement votre aisance \u00e0 l\u2019oral et \u00e0 l\u2019\u00e9crit dans des situations professionnelles concr\u00e8tes.<\/p><p data-start=\"262\" data-end=\"368\" data-is-last-node=\"\" data-is-only-node=\"\">Un v\u00e9ritable atout pour gagner en confiance, en efficacit\u00e9 et \u00e9voluer dans un environnement international.<\/p>\t\t\t\t\t\t\t\t<\/div>\n\t\t\t\t<\/div>\n\t\t\t\t\t<\/div>\n\t\t\t\t<\/div>\n\t\t\t\t<\/div>\n\t\t","protected":false},"excerpt":{"rendered":"<p>Anglais Am\u00e9liorez votre anglais gr\u00e2ce \u00e0 des formations sur mesure adapt\u00e9es aux entreprises comme aux salari\u00e9s. Avec une approche pratique et orient\u00e9e m\u00e9tier, d\u00e9veloppez rapidement votre aisance \u00e0 l\u2019oral et \u00e0 l\u2019\u00e9crit dans des situations professionnelles concr\u00e8tes. Un v\u00e9ritable atout pour gagner en confiance, en efficacit\u00e9 et \u00e9voluer dans un environnement international. Outils bureautique : [&hellip;]<\/p>\n","protected":false},"author":1,"featured_media":0,"parent":0,"menu_order":0,"comment_status":"closed","ping_status":"closed","template":"","meta":{"footnotes":""},"class_list":["post-18","page","type-page","status-publish","hentry","entry"],"yoast_head":"<!-- This site is optimized with the Yoast SEO plugin v27.0 - https:\/\/yoast.com\/product\/yoast-seo-wordpress\/ -->\n<title>Nos formations - WordPress<\/title>\n<meta name=\"robots\" content=\"index, follow, max-snippet:-1, max-image-preview:large, max-video-preview:-1\" \/>\n<link rel=\"canonical\" href=\"https:\/\/dalouformations.fr\/index.php\/nos-services\/\" \/>\n<meta property=\"og:locale\" content=\"fr_FR\" \/>\n<meta property=\"og:type\" content=\"article\" \/>\n<meta property=\"og:title\" content=\"Nos formations - WordPress\" \/>\n<meta property=\"og:description\" content=\"Anglais Am\u00e9liorez votre anglais gr\u00e2ce \u00e0 des formations sur mesure adapt\u00e9es aux entreprises comme aux salari\u00e9s. Avec une approche pratique et orient\u00e9e m\u00e9tier, d\u00e9veloppez rapidement votre aisance \u00e0 l\u2019oral et \u00e0 l\u2019\u00e9crit dans des situations professionnelles concr\u00e8tes. Un v\u00e9ritable atout pour gagner en confiance, en efficacit\u00e9 et \u00e9voluer dans un environnement international. Outils bureautique : [&hellip;]\" \/>\n<meta property=\"og:url\" content=\"https:\/\/dalouformations.fr\/index.php\/nos-services\/\" \/>\n<meta property=\"og:site_name\" content=\"WordPress\" \/>\n<meta property=\"article:modified_time\" content=\"2026-03-25T12:46:11+00:00\" \/>\n<meta property=\"og:image\" content=\"http:\/\/dalouformations.fr\/wp-content\/uploads\/2026\/03\/drapeau-royaume-uni.jpg\" \/>\n<meta name=\"twitter:card\" content=\"summary_large_image\" \/>\n<meta name=\"twitter:label1\" content=\"Dur\u00e9e de lecture estim\u00e9e\" \/>\n\t<meta name=\"twitter:data1\" content=\"1 minute\" \/>\n<script type=\"application\/ld+json\" class=\"yoast-schema-graph\">{\"@context\":\"https:\/\/schema.org\",\"@graph\":[{\"@type\":\"WebPage\",\"@id\":\"https:\/\/dalouformations.fr\/index.php\/nos-services\/\",\"url\":\"https:\/\/dalouformations.fr\/index.php\/nos-services\/\",\"name\":\"Nos formations - WordPress\",\"isPartOf\":{\"@id\":\"https:\/\/dalouformations.fr\/#website\"},\"primaryImageOfPage\":{\"@id\":\"https:\/\/dalouformations.fr\/index.php\/nos-services\/#primaryimage\"},\"image\":{\"@id\":\"https:\/\/dalouformations.fr\/index.php\/nos-services\/#primaryimage\"},\"thumbnailUrl\":\"http:\/\/dalouformations.fr\/wp-content\/uploads\/2026\/03\/drapeau-royaume-uni.jpg\",\"datePublished\":\"2026-03-03T09:51:52+00:00\",\"dateModified\":\"2026-03-25T12:46:11+00:00\",\"breadcrumb\":{\"@id\":\"https:\/\/dalouformations.fr\/index.php\/nos-services\/#breadcrumb\"},\"inLanguage\":\"fr-FR\",\"potentialAction\":[{\"@type\":\"ReadAction\",\"target\":[\"https:\/\/dalouformations.fr\/index.php\/nos-services\/\"]}]},{\"@type\":\"ImageObject\",\"inLanguage\":\"fr-FR\",\"@id\":\"https:\/\/dalouformations.fr\/index.php\/nos-services\/#primaryimage\",\"url\":\"https:\/\/dalouformations.fr\/wp-content\/uploads\/2026\/03\/drapeau-royaume-uni.jpg\",\"contentUrl\":\"https:\/\/dalouformations.fr\/wp-content\/uploads\/2026\/03\/drapeau-royaume-uni.jpg\",\"width\":496,\"height\":256},{\"@type\":\"BreadcrumbList\",\"@id\":\"https:\/\/dalouformations.fr\/index.php\/nos-services\/#breadcrumb\",\"itemListElement\":[{\"@type\":\"ListItem\",\"position\":1,\"name\":\"Accueil\",\"item\":\"https:\/\/dalouformations.fr\/\"},{\"@type\":\"ListItem\",\"position\":2,\"name\":\"Nos formations\"}]},{\"@type\":\"WebSite\",\"@id\":\"https:\/\/dalouformations.fr\/#website\",\"url\":\"https:\/\/dalouformations.fr\/\",\"name\":\"WordPress\",\"description\":\"\",\"publisher\":{\"@id\":\"https:\/\/dalouformations.fr\/#organization\"},\"potentialAction\":[{\"@type\":\"SearchAction\",\"target\":{\"@type\":\"EntryPoint\",\"urlTemplate\":\"https:\/\/dalouformations.fr\/?s={search_term_string}\"},\"query-input\":{\"@type\":\"PropertyValueSpecification\",\"valueRequired\":true,\"valueName\":\"search_term_string\"}}],\"inLanguage\":\"fr-FR\"},{\"@type\":\"Organization\",\"@id\":\"https:\/\/dalouformations.fr\/#organization\",\"name\":\"WordPress\",\"url\":\"https:\/\/dalouformations.fr\/\",\"logo\":{\"@type\":\"ImageObject\",\"inLanguage\":\"fr-FR\",\"@id\":\"https:\/\/dalouformations.fr\/#\/schema\/logo\/image\/\",\"url\":\"https:\/\/dalouformations.fr\/wp-content\/uploads\/2026\/03\/cropped-logo-dalou-formations-.png\",\"contentUrl\":\"https:\/\/dalouformations.fr\/wp-content\/uploads\/2026\/03\/cropped-logo-dalou-formations-.png\",\"width\":748,\"height\":267,\"caption\":\"WordPress\"},\"image\":{\"@id\":\"https:\/\/dalouformations.fr\/#\/schema\/logo\/image\/\"}}]}<\/script>\n<!-- \/ Yoast SEO plugin. -->","yoast_head_json":{"title":"Nos formations - WordPress","robots":{"index":"index","follow":"follow","max-snippet":"max-snippet:-1","max-image-preview":"max-image-preview:large","max-video-preview":"max-video-preview:-1"},"canonical":"https:\/\/dalouformations.fr\/index.php\/nos-services\/","og_locale":"fr_FR","og_type":"article","og_title":"Nos formations - WordPress","og_description":"Anglais Am\u00e9liorez votre anglais gr\u00e2ce \u00e0 des formations sur mesure adapt\u00e9es aux entreprises comme aux salari\u00e9s. Avec une approche pratique et orient\u00e9e m\u00e9tier, d\u00e9veloppez rapidement votre aisance \u00e0 l\u2019oral et \u00e0 l\u2019\u00e9crit dans des situations professionnelles concr\u00e8tes. Un v\u00e9ritable atout pour gagner en confiance, en efficacit\u00e9 et \u00e9voluer dans un environnement international. Outils bureautique : [&hellip;]","og_url":"https:\/\/dalouformations.fr\/index.php\/nos-services\/","og_site_name":"WordPress","article_modified_time":"2026-03-25T12:46:11+00:00","og_image":[{"url":"http:\/\/dalouformations.fr\/wp-content\/uploads\/2026\/03\/drapeau-royaume-uni.jpg","type":"","width":"","height":""}],"twitter_card":"summary_large_image","twitter_misc":{"Dur\u00e9e de lecture estim\u00e9e":"1 minute"},"schema":{"@context":"https:\/\/schema.org","@graph":[{"@type":"WebPage","@id":"https:\/\/dalouformations.fr\/index.php\/nos-services\/","url":"https:\/\/dalouformations.fr\/index.php\/nos-services\/","name":"Nos formations - WordPress","isPartOf":{"@id":"https:\/\/dalouformations.fr\/#website"},"primaryImageOfPage":{"@id":"https:\/\/dalouformations.fr\/index.php\/nos-services\/#primaryimage"},"image":{"@id":"https:\/\/dalouformations.fr\/index.php\/nos-services\/#primaryimage"},"thumbnailUrl":"http:\/\/dalouformations.fr\/wp-content\/uploads\/2026\/03\/drapeau-royaume-uni.jpg","datePublished":"2026-03-03T09:51:52+00:00","dateModified":"2026-03-25T12:46:11+00:00","breadcrumb":{"@id":"https:\/\/dalouformations.fr\/index.php\/nos-services\/#breadcrumb"},"inLanguage":"fr-FR","potentialAction":[{"@type":"ReadAction","target":["https:\/\/dalouformations.fr\/index.php\/nos-services\/"]}]},{"@type":"ImageObject","inLanguage":"fr-FR","@id":"https:\/\/dalouformations.fr\/index.php\/nos-services\/#primaryimage","url":"https:\/\/dalouformations.fr\/wp-content\/uploads\/2026\/03\/drapeau-royaume-uni.jpg","contentUrl":"https:\/\/dalouformations.fr\/wp-content\/uploads\/2026\/03\/drapeau-royaume-uni.jpg","width":496,"height":256},{"@type":"BreadcrumbList","@id":"https:\/\/dalouformations.fr\/index.php\/nos-services\/#breadcrumb","itemListElement":[{"@type":"ListItem","position":1,"name":"Accueil","item":"https:\/\/dalouformations.fr\/"},{"@type":"ListItem","position":2,"name":"Nos formations"}]},{"@type":"WebSite","@id":"https:\/\/dalouformations.fr\/#website","url":"https:\/\/dalouformations.fr\/","name":"WordPress","description":"","publisher":{"@id":"https:\/\/dalouformations.fr\/#organization"},"potentialAction":[{"@type":"SearchAction","target":{"@type":"EntryPoint","urlTemplate":"https:\/\/dalouformations.fr\/?s={search_term_string}"},"query-input":{"@type":"PropertyValueSpecification","valueRequired":true,"valueName":"search_term_string"}}],"inLanguage":"fr-FR"},{"@type":"Organization","@id":"https:\/\/dalouformations.fr\/#organization","name":"WordPress","url":"https:\/\/dalouformations.fr\/","logo":{"@type":"ImageObject","inLanguage":"fr-FR","@id":"https:\/\/dalouformations.fr\/#\/schema\/logo\/image\/","url":"https:\/\/dalouformations.fr\/wp-content\/uploads\/2026\/03\/cropped-logo-dalou-formations-.png","contentUrl":"https:\/\/dalouformations.fr\/wp-content\/uploads\/2026\/03\/cropped-logo-dalou-formations-.png","width":748,"height":267,"caption":"WordPress"},"image":{"@id":"https:\/\/dalouformations.fr\/#\/schema\/logo\/image\/"}}]}},"_links":{"self":[{"href":"https:\/\/dalouformations.fr\/index.php\/wp-json\/wp\/v2\/pages\/18","targetHints":{"allow":["GET"]}}],"collection":[{"href":"https:\/\/dalouformations.fr\/index.php\/wp-json\/wp\/v2\/pages"}],"about":[{"href":"https:\/\/dalouformations.fr\/index.php\/wp-json\/wp\/v2\/types\/page"}],"author":[{"embeddable":true,"href":"https:\/\/dalouformations.fr\/index.php\/wp-json\/wp\/v2\/users\/1"}],"replies":[{"embeddable":true,"href":"https:\/\/dalouformations.fr\/index.php\/wp-json\/wp\/v2\/comments?post=18"}],"version-history":[{"count":5,"href":"https:\/\/dalouformations.fr\/index.php\/wp-json\/wp\/v2\/pages\/18\/revisions"}],"predecessor-version":[{"id":127,"href":"https:\/\/dalouformations.fr\/index.php\/wp-json\/wp\/v2\/pages\/18\/revisions\/127"}],"wp:attachment":[{"href":"https:\/\/dalouformations.fr\/index.php\/wp-json\/wp\/v2\/media?parent=18"}],"curies":[{"name":"wp","href":"https:\/\/api.w.org\/{rel}","templated":true}]}}